{"id":822,"date":"2024-05-06T14:53:22","date_gmt":"2024-05-06T14:53:22","guid":{"rendered":"http:\/\/172.16.2.114\/?page_id=822"},"modified":"2024-06-21T16:35:16","modified_gmt":"2024-06-21T16:35:16","slug":"sede","status":"publish","type":"page","link":"https:\/\/diasporahidrica.imta.mx\/index.php\/sede\/","title":{"rendered":"Sede"},"content":{"rendered":"\n<div class=\"wp-block-group alignfull has-accent-5-background-color has-background has-global-padding is-layout-constrained wp-block-group-is-layout-constrained\" style=\"margin-top:0;margin-bottom:0;padding-top:0;padding-right:var(--wp--preset--spacing--50);padding-bottom:0;padding-left:var(--wp--preset--spacing--50)\">\n<div class=\"wp-block-columns alignwide is-layout-flex wp-container-core-columns-is-layout-1 wp-block-columns-is-layout-flex\">\n<div class=\"wp-block-column is-vertically-aligned-center is-layout-flow wp-block-column-is-layout-flow\" style=\"flex-basis:60%\">\n<figure data-wp-context=\"{&quot;uploadedSrc&quot;:&quot;https:\\\/\\\/diasporahidrica.imta.mx\\\/wp-content\\\/uploads\\\/2024\\\/06\\\/BUAP-Unidad-de-Seminarios-Ciudad-Universitaria2.jpg&quot;,&quot;figureClassNames&quot;:&quot;wp-block-image size-full is-resized is-style-rounded wp-duotone-unset-1&quot;,&quot;figureStyles&quot;:null,&quot;imgClassNames&quot;:&quot;wp-image-1370&quot;,&quot;imgStyles&quot;:&quot;width:691px;height:auto&quot;,&quot;targetWidth&quot;:2250,&quot;targetHeight&quot;:1500,&quot;scaleAttr&quot;:false,&quot;ariaLabel&quot;:&quot;Agrandar imagen&quot;,&quot;alt&quot;:&quot;&quot;}\" data-wp-interactive=\"core\/image\" class=\"wp-block-image size-full is-resized is-style-rounded wp-duotone-unset-1 wp-lightbox-container\"><img loading=\"lazy\" decoding=\"async\" width=\"2250\" height=\"1500\" data-wp-init=\"callbacks.setButtonStyles\" data-wp-on--click=\"actions.showLightbox\" data-wp-on--load=\"callbacks.setButtonStyles\" data-wp-on-window--resize=\"callbacks.setButtonStyles\" src=\"http:\/\/diasporahidrica.imta.mx\/wp-content\/uploads\/2024\/06\/BUAP-Unidad-de-Seminarios-Ciudad-Universitaria2.jpg\" alt=\"\" class=\"wp-image-1370\" style=\"width:691px;height:auto\" srcset=\"https:\/\/diasporahidrica.imta.mx\/wp-content\/uploads\/2024\/06\/BUAP-Unidad-de-Seminarios-Ciudad-Universitaria2.jpg 2250w, https:\/\/diasporahidrica.imta.mx\/wp-content\/uploads\/2024\/06\/BUAP-Unidad-de-Seminarios-Ciudad-Universitaria2-300x200.jpg 300w, https:\/\/diasporahidrica.imta.mx\/wp-content\/uploads\/2024\/06\/BUAP-Unidad-de-Seminarios-Ciudad-Universitaria2-1024x683.jpg 1024w, https:\/\/diasporahidrica.imta.mx\/wp-content\/uploads\/2024\/06\/BUAP-Unidad-de-Seminarios-Ciudad-Universitaria2-768x512.jpg 768w, https:\/\/diasporahidrica.imta.mx\/wp-content\/uploads\/2024\/06\/BUAP-Unidad-de-Seminarios-Ciudad-Universitaria2-1536x1024.jpg 1536w, https:\/\/diasporahidrica.imta.mx\/wp-content\/uploads\/2024\/06\/BUAP-Unidad-de-Seminarios-Ciudad-Universitaria2-2048x1365.jpg 2048w\" sizes=\"(max-width: 2250px) 100vw, 2250px\" \/><button\n\t\t\tclass=\"lightbox-trigger\"\n\t\t\ttype=\"button\"\n\t\t\taria-haspopup=\"dialog\"\n\t\t\taria-label=\"Agrandar imagen\"\n\t\t\tdata-wp-init=\"callbacks.initTriggerButton\"\n\t\t\tdata-wp-on--click=\"actions.showLightbox\"\n\t\t\tdata-wp-style--right=\"context.imageButtonRight\"\n\t\t\tdata-wp-style--top=\"context.imageButtonTop\"\n\t\t>\n\t\t\t<svg xmlns=\"http:\/\/www.w3.org\/2000\/svg\" width=\"12\" height=\"12\" fill=\"none\" viewBox=\"0 0 12 12\">\n\t\t\t\t<path fill=\"#fff\" d=\"M2 0a2 2 0 0 0-2 2v2h1.5V2a.5.5 0 0 1 .5-.5h2V0H2Zm2 10.5H2a.5.5 0 0 1-.5-.5V8H0v2a2 2 0 0 0 2 2h2v-1.5ZM8 12v-1.5h2a.5.5 0 0 0 .5-.5V8H12v2a2 2 0 0 1-2 2H8Zm2-12a2 2 0 0 1 2 2v2h-1.5V2a.5.5 0 0 0-.5-.5H8V0h2Z\" \/>\n\t\t\t<\/svg>\n\t\t<\/button><\/figure>\n<\/div>\n\n\n\n<div class=\"wp-block-column is-layout-flow wp-block-column-is-layout-flow\" style=\"flex-basis:40%\">\n<h2 class=\"wp-block-heading has-text-align-left\">Benem\u00e9rita Universidad Aut\u00f3noma de Puebla<\/h2>\n\n\n\n<p>La Benem\u00e9rita Universidad Aut\u00f3noma de Puebla, constituye un gran pilar de la educaci\u00f3n superior y la investigaci\u00f3n cient\u00edfica en la regi\u00f3n, y ocupa un destacado sitio entre las universidades p\u00fablicas del pa\u00eds, gracias al esfuerzo conjunto de todos los miembros de la instituci\u00f3n.<\/p>\n\n\n\n<div class=\"wp-block-buttons is-layout-flex wp-block-buttons-is-layout-flex\"><\/div>\n\n\n\n<figure class=\"wp-block-image alignright size-full is-resized\"><img loading=\"lazy\" decoding=\"async\" width=\"1401\" height=\"1309\" src=\"http:\/\/diasporahidrica.imta.mx\/wp-content\/uploads\/2024\/05\/Recurso-8@4x.png\" alt=\"\" class=\"wp-image-1064\" style=\"width:28px;height:auto\" srcset=\"https:\/\/diasporahidrica.imta.mx\/wp-content\/uploads\/2024\/05\/Recurso-8@4x.png 1401w, https:\/\/diasporahidrica.imta.mx\/wp-content\/uploads\/2024\/05\/Recurso-8@4x-300x280.png 300w, https:\/\/diasporahidrica.imta.mx\/wp-content\/uploads\/2024\/05\/Recurso-8@4x-1024x957.png 1024w, https:\/\/diasporahidrica.imta.mx\/wp-content\/uploads\/2024\/05\/Recurso-8@4x-768x718.png 768w\" sizes=\"(max-width: 1401px) 100vw, 1401px\" \/><\/figure>\n<\/div>\n<\/div>\n<\/div>\n\n\n\n<div class=\"wp-block-group alignfull has-global-padding is-layout-constrained wp-block-group-is-layout-constrained\" style=\"margin-top:0;margin-bottom:0;padding-top:var(--wp--preset--spacing--30);padding-right:var(--wp--preset--spacing--50);padding-bottom:var(--wp--preset--spacing--30);padding-left:var(--wp--preset--spacing--50)\">\n<div class=\"wp-block-cover alignfull is-light\" style=\"min-height:538px;aspect-ratio:unset;\"><span aria-hidden=\"true\" class=\"wp-block-cover__background has-background-dim-100 has-background-dim\" style=\"background-color:#ffffff\"><\/span><div class=\"wp-block-cover__inner-container is-layout-flow wp-block-cover-is-layout-flow\">\n<div class=\"wp-block-group alignfull has-accent-background-color has-background has-global-padding is-layout-constrained wp-block-group-is-layout-constrained\" style=\"margin-top:0;margin-bottom:0;padding-top:var(--wp--preset--spacing--10);padding-right:0;padding-bottom:var(--wp--preset--spacing--10);padding-left:0\">\n<div class=\"wp-block-columns alignwide is-layout-flex wp-container-core-columns-is-layout-2 wp-block-columns-is-layout-flex\">\n<div class=\"wp-block-column is-vertically-aligned-stretch is-layout-flow wp-block-column-is-layout-flow\" style=\"flex-basis:50%\">\n<div class=\"wp-block-group is-vertical is-content-justification-stretch is-layout-flex wp-container-core-group-is-layout-3 wp-block-group-is-layout-flex\" style=\"min-height:100%\">\n<p class=\"has-heading-font-family has-x-large-font-size\" style=\"line-height:1.2\">Direcci\u00f3n de CU (Planta f\u00edsica).<\/p>\n\n\n\n<p class=\"has-text-align-left has-medium-font-size\">Av. San Claudio 1401, Ciudad Universitaria. C.P. 72592, Heroica Puebla de Zaragoza, M\u00e9xico.<\/p>\n\n\n\n<p class=\"has-text-align-left has-medium-font-size\"><\/p>\n\n\n\n<div class=\"wp-block-group has-global-padding is-layout-constrained wp-block-group-is-layout-constrained\">\n<div class=\"wp-block-buttons is-layout-flex wp-block-buttons-is-layout-flex\">\n<div class=\"wp-block-button\"><a class=\"wp-block-button__link wp-element-button\" href=\"https:\/\/plantafisica.buap.mx\/content\/unidad-de-seminarios\" target=\"_blank\" rel=\"noreferrer noopener\"><strong><mark style=\"background-color:rgba(0, 0, 0, 0);color:#ffffff\" class=\"has-inline-color\">sede Unidad de Seminarios, Ciudad Universitaria de la Buap<\/mark><\/strong><\/a><\/div>\n<\/div>\n<\/div>\n<\/div>\n<\/div>\n\n\n\n<div class=\"wp-block-column is-vertically-aligned-center is-layout-flow wp-block-column-is-layout-flow\" style=\"flex-basis:50%\">\n<p class=\"has-text-align-left has-medium-font-size\"><strong><a href=\"https:\/\/maps.app.goo.gl\/WjXFQ9YHQ3Umg5sp6\" target=\"_blank\" rel=\"noreferrer noopener\">C\u00f3mo llegar<\/a><\/strong><\/p>\n\n\n\n<iframe src=\"https:\/\/www.google.com\/maps\/embed?pb=!1m14!1m8!1m3!1d15090.184553796955!2d-98.1992649!3d18.9956414!3m2!1i1024!2i768!4f13.1!3m3!1m2!1s0x85cfbf6f5caab7a9%3A0x44e2e92f6d0bb1e7!2sBUAP%3A%20Unidad%20de%20seminarios!5e0!3m2!1ses-419!2smx!4v1718387150564!5m2!1ses-419!2smx\" width=\"650\" height=\"350\" style=\"border:0;\" allowfullscreen=\"\" loading=\"lazy\" referrerpolicy=\"no-referrer-when-downgrade\"><\/iframe>\n<\/div>\n<\/div>\n<\/div>\n<\/div><\/div>\n<\/div>\n\n\n\n<div class=\"wp-block-group alignfull has-global-padding is-layout-constrained wp-block-group-is-layout-constrained\" style=\"margin-top:0;margin-bottom:0;padding-top:var(--wp--preset--spacing--20);padding-right:var(--wp--preset--spacing--50);padding-bottom:var(--wp--preset--spacing--20);padding-left:var(--wp--preset--spacing--50)\">\n<div class=\"wp-block-group is-vertical is-content-justification-center is-layout-flex wp-container-core-group-is-layout-6 wp-block-group-is-layout-flex\">\n<h2 class=\"wp-block-heading has-text-align-center has-xx-large-font-size\">Participa de manera presencial en Puebla<\/h2>\n<\/div>\n\n\n\n<div style=\"height:var(--wp--preset--spacing--30)\" aria-hidden=\"true\" class=\"wp-block-spacer\"><\/div>\n\n\n\n<div class=\"wp-block-columns alignwide is-layout-flex wp-container-core-columns-is-layout-3 wp-block-columns-is-layout-flex\" style=\"padding-right:0;padding-left:0\">\n<div class=\"wp-block-column is-layout-flow wp-block-column-is-layout-flow\">\n<figure data-wp-context=\"{&quot;uploadedSrc&quot;:&quot;https:\\\/\\\/diasporahidrica.imta.mx\\\/wp-content\\\/uploads\\\/2024\\\/06\\\/concha-acustica-buap.jpg&quot;,&quot;figureClassNames&quot;:&quot;wp-block-image size-full is-style-rounded wp-duotone-unset-2&quot;,&quot;figureStyles&quot;:null,&quot;imgClassNames&quot;:&quot;wp-image-1380&quot;,&quot;imgStyles&quot;:&quot;aspect-ratio:1;object-fit:cover&quot;,&quot;targetWidth&quot;:1968,&quot;targetHeight&quot;:1312,&quot;scaleAttr&quot;:&quot;cover&quot;,&quot;ariaLabel&quot;:&quot;Agrandar imagen&quot;,&quot;alt&quot;:&quot;&quot;}\" data-wp-interactive=\"core\/image\" class=\"wp-block-image size-full is-style-rounded wp-duotone-unset-2 wp-lightbox-container\"><img loading=\"lazy\" decoding=\"async\" width=\"1968\" height=\"1312\" data-wp-init=\"callbacks.setButtonStyles\" data-wp-on--click=\"actions.showLightbox\" data-wp-on--load=\"callbacks.setButtonStyles\" data-wp-on-window--resize=\"callbacks.setButtonStyles\" src=\"http:\/\/diasporahidrica.imta.mx\/wp-content\/uploads\/2024\/06\/concha-acustica-buap.jpg\" alt=\"\" class=\"wp-image-1380\" style=\"aspect-ratio:1;object-fit:cover\" srcset=\"https:\/\/diasporahidrica.imta.mx\/wp-content\/uploads\/2024\/06\/concha-acustica-buap.jpg 1968w, https:\/\/diasporahidrica.imta.mx\/wp-content\/uploads\/2024\/06\/concha-acustica-buap-300x200.jpg 300w, https:\/\/diasporahidrica.imta.mx\/wp-content\/uploads\/2024\/06\/concha-acustica-buap-1024x683.jpg 1024w, https:\/\/diasporahidrica.imta.mx\/wp-content\/uploads\/2024\/06\/concha-acustica-buap-768x512.jpg 768w, https:\/\/diasporahidrica.imta.mx\/wp-content\/uploads\/2024\/06\/concha-acustica-buap-1536x1024.jpg 1536w\" sizes=\"(max-width: 1968px) 100vw, 1968px\" \/><button\n\t\t\tclass=\"lightbox-trigger\"\n\t\t\ttype=\"button\"\n\t\t\taria-haspopup=\"dialog\"\n\t\t\taria-label=\"Agrandar imagen\"\n\t\t\tdata-wp-init=\"callbacks.initTriggerButton\"\n\t\t\tdata-wp-on--click=\"actions.showLightbox\"\n\t\t\tdata-wp-style--right=\"context.imageButtonRight\"\n\t\t\tdata-wp-style--top=\"context.imageButtonTop\"\n\t\t>\n\t\t\t<svg xmlns=\"http:\/\/www.w3.org\/2000\/svg\" width=\"12\" height=\"12\" fill=\"none\" viewBox=\"0 0 12 12\">\n\t\t\t\t<path fill=\"#fff\" d=\"M2 0a2 2 0 0 0-2 2v2h1.5V2a.5.5 0 0 1 .5-.5h2V0H2Zm2 10.5H2a.5.5 0 0 1-.5-.5V8H0v2a2 2 0 0 0 2 2h2v-1.5ZM8 12v-1.5h2a.5.5 0 0 0 .5-.5V8H12v2a2 2 0 0 1-2 2H8Zm2-12a2 2 0 0 1 2 2v2h-1.5V2a.5.5 0 0 0-.5-.5H8V0h2Z\" \/>\n\t\t\t<\/svg>\n\t\t<\/button><\/figure>\n\n\n\n<div class=\"wp-block-group is-vertical is-content-justification-center is-nowrap is-layout-flex wp-container-core-group-is-layout-7 wp-block-group-is-layout-flex\">\n<p class=\"has-text-align-center has-small-font-size\"><\/p>\n\n\n\n<p class=\"has-text-align-center has-small-font-size\">\u00a1T\u00fa eliges c\u00f3mo formar parte de esta experiencia!<\/p>\n<\/div>\n\n\n\n<figure class=\"wp-block-image aligncenter size-large is-resized\"><img loading=\"lazy\" decoding=\"async\" width=\"1024\" height=\"176\" src=\"http:\/\/diasporahidrica.imta.mx\/wp-content\/uploads\/2024\/05\/Recurso-4@4x-1024x176.png\" alt=\"\" class=\"wp-image-1001\" style=\"width:165px;height:auto\" srcset=\"https:\/\/diasporahidrica.imta.mx\/wp-content\/uploads\/2024\/05\/Recurso-4@4x-1024x176.png 1024w, https:\/\/diasporahidrica.imta.mx\/wp-content\/uploads\/2024\/05\/Recurso-4@4x-300x51.png 300w, https:\/\/diasporahidrica.imta.mx\/wp-content\/uploads\/2024\/05\/Recurso-4@4x-768x132.png 768w, https:\/\/diasporahidrica.imta.mx\/wp-content\/uploads\/2024\/05\/Recurso-4@4x-1536x264.png 1536w, https:\/\/diasporahidrica.imta.mx\/wp-content\/uploads\/2024\/05\/Recurso-4@4x-2048x351.png 2048w\" sizes=\"(max-width: 1024px) 100vw, 1024px\" \/><\/figure>\n<\/div>\n\n\n\n<div class=\"wp-block-column is-layout-flow wp-block-column-is-layout-flow\">\n<figure data-wp-context=\"{&quot;uploadedSrc&quot;:&quot;https:\\\/\\\/diasporahidrica.imta.mx\\\/wp-content\\\/uploads\\\/2024\\\/06\\\/FCFM-2.jpg&quot;,&quot;figureClassNames&quot;:&quot;wp-block-image size-full is-style-rounded wp-duotone-unset-3&quot;,&quot;figureStyles&quot;:null,&quot;imgClassNames&quot;:&quot;wp-image-1363&quot;,&quot;imgStyles&quot;:&quot;aspect-ratio:3\\\/4;object-fit:cover&quot;,&quot;targetWidth&quot;:1250,&quot;targetHeight&quot;:1875,&quot;scaleAttr&quot;:&quot;cover&quot;,&quot;ariaLabel&quot;:&quot;Agrandar imagen&quot;,&quot;alt&quot;:&quot;&quot;}\" data-wp-interactive=\"core\/image\" class=\"wp-block-image size-full is-style-rounded wp-duotone-unset-3 wp-lightbox-container\"><img loading=\"lazy\" decoding=\"async\" width=\"1250\" height=\"1875\" data-wp-init=\"callbacks.setButtonStyles\" data-wp-on--click=\"actions.showLightbox\" data-wp-on--load=\"callbacks.setButtonStyles\" data-wp-on-window--resize=\"callbacks.setButtonStyles\" src=\"http:\/\/diasporahidrica.imta.mx\/wp-content\/uploads\/2024\/06\/FCFM-2.jpg\" alt=\"\" class=\"wp-image-1363\" style=\"aspect-ratio:3\/4;object-fit:cover\" srcset=\"https:\/\/diasporahidrica.imta.mx\/wp-content\/uploads\/2024\/06\/FCFM-2.jpg 1250w, https:\/\/diasporahidrica.imta.mx\/wp-content\/uploads\/2024\/06\/FCFM-2-200x300.jpg 200w, https:\/\/diasporahidrica.imta.mx\/wp-content\/uploads\/2024\/06\/FCFM-2-683x1024.jpg 683w, https:\/\/diasporahidrica.imta.mx\/wp-content\/uploads\/2024\/06\/FCFM-2-768x1152.jpg 768w, https:\/\/diasporahidrica.imta.mx\/wp-content\/uploads\/2024\/06\/FCFM-2-1024x1536.jpg 1024w\" sizes=\"(max-width: 1250px) 100vw, 1250px\" \/><button\n\t\t\tclass=\"lightbox-trigger\"\n\t\t\ttype=\"button\"\n\t\t\taria-haspopup=\"dialog\"\n\t\t\taria-label=\"Agrandar imagen\"\n\t\t\tdata-wp-init=\"callbacks.initTriggerButton\"\n\t\t\tdata-wp-on--click=\"actions.showLightbox\"\n\t\t\tdata-wp-style--right=\"context.imageButtonRight\"\n\t\t\tdata-wp-style--top=\"context.imageButtonTop\"\n\t\t>\n\t\t\t<svg xmlns=\"http:\/\/www.w3.org\/2000\/svg\" width=\"12\" height=\"12\" fill=\"none\" viewBox=\"0 0 12 12\">\n\t\t\t\t<path fill=\"#fff\" d=\"M2 0a2 2 0 0 0-2 2v2h1.5V2a.5.5 0 0 1 .5-.5h2V0H2Zm2 10.5H2a.5.5 0 0 1-.5-.5V8H0v2a2 2 0 0 0 2 2h2v-1.5ZM8 12v-1.5h2a.5.5 0 0 0 .5-.5V8H12v2a2 2 0 0 1-2 2H8Zm2-12a2 2 0 0 1 2 2v2h-1.5V2a.5.5 0 0 0-.5-.5H8V0h2Z\" \/>\n\t\t\t<\/svg>\n\t\t<\/button><\/figure>\n\n\n\n<div class=\"wp-block-group is-vertical is-content-justification-center is-nowrap is-layout-flex wp-container-core-group-is-layout-8 wp-block-group-is-layout-flex\">\n<p class=\"has-text-align-center has-small-font-size\"><\/p>\n\n\n\n<p class=\"has-text-align-center has-small-font-size\">Reg\u00edstrate y env\u00eda tu resumen, tienes hasta el   1\u00b0 de agosto.<\/p>\n\n\n\n<figure class=\"wp-block-image aligncenter size-large is-resized\"><img loading=\"lazy\" decoding=\"async\" width=\"1024\" height=\"176\" src=\"http:\/\/diasporahidrica.imta.mx\/wp-content\/uploads\/2024\/05\/Recurso-4@4x-1024x176.png\" alt=\"\" class=\"wp-image-1001\" style=\"width:165px;height:auto\" srcset=\"https:\/\/diasporahidrica.imta.mx\/wp-content\/uploads\/2024\/05\/Recurso-4@4x-1024x176.png 1024w, https:\/\/diasporahidrica.imta.mx\/wp-content\/uploads\/2024\/05\/Recurso-4@4x-300x51.png 300w, https:\/\/diasporahidrica.imta.mx\/wp-content\/uploads\/2024\/05\/Recurso-4@4x-768x132.png 768w, https:\/\/diasporahidrica.imta.mx\/wp-content\/uploads\/2024\/05\/Recurso-4@4x-1536x264.png 1536w, https:\/\/diasporahidrica.imta.mx\/wp-content\/uploads\/2024\/05\/Recurso-4@4x-2048x351.png 2048w\" sizes=\"(max-width: 1024px) 100vw, 1024px\" \/><\/figure>\n<\/div>\n<\/div>\n\n\n\n<div class=\"wp-block-column is-layout-flow wp-block-column-is-layout-flow\">\n<figure data-wp-context=\"{&quot;uploadedSrc&quot;:&quot;https:\\\/\\\/diasporahidrica.imta.mx\\\/wp-content\\\/uploads\\\/2024\\\/06\\\/DSC_0906.jpg&quot;,&quot;figureClassNames&quot;:&quot;wp-block-image size-full is-style-rounded wp-duotone-unset-4&quot;,&quot;figureStyles&quot;:null,&quot;imgClassNames&quot;:&quot;wp-image-1382&quot;,&quot;imgStyles&quot;:&quot;aspect-ratio:1;object-fit:cover&quot;,&quot;targetWidth&quot;:1968,&quot;targetHeight&quot;:1312,&quot;scaleAttr&quot;:&quot;cover&quot;,&quot;ariaLabel&quot;:&quot;Agrandar imagen&quot;,&quot;alt&quot;:&quot;&quot;}\" data-wp-interactive=\"core\/image\" class=\"wp-block-image size-full is-style-rounded wp-duotone-unset-4 wp-lightbox-container\"><img loading=\"lazy\" decoding=\"async\" width=\"1968\" height=\"1312\" data-wp-init=\"callbacks.setButtonStyles\" data-wp-on--click=\"actions.showLightbox\" data-wp-on--load=\"callbacks.setButtonStyles\" data-wp-on-window--resize=\"callbacks.setButtonStyles\" src=\"http:\/\/diasporahidrica.imta.mx\/wp-content\/uploads\/2024\/06\/DSC_0906.jpg\" alt=\"\" class=\"wp-image-1382\" style=\"aspect-ratio:1;object-fit:cover\" srcset=\"https:\/\/diasporahidrica.imta.mx\/wp-content\/uploads\/2024\/06\/DSC_0906.jpg 1968w, https:\/\/diasporahidrica.imta.mx\/wp-content\/uploads\/2024\/06\/DSC_0906-300x200.jpg 300w, https:\/\/diasporahidrica.imta.mx\/wp-content\/uploads\/2024\/06\/DSC_0906-1024x683.jpg 1024w, https:\/\/diasporahidrica.imta.mx\/wp-content\/uploads\/2024\/06\/DSC_0906-768x512.jpg 768w, https:\/\/diasporahidrica.imta.mx\/wp-content\/uploads\/2024\/06\/DSC_0906-1536x1024.jpg 1536w\" sizes=\"(max-width: 1968px) 100vw, 1968px\" \/><button\n\t\t\tclass=\"lightbox-trigger\"\n\t\t\ttype=\"button\"\n\t\t\taria-haspopup=\"dialog\"\n\t\t\taria-label=\"Agrandar imagen\"\n\t\t\tdata-wp-init=\"callbacks.initTriggerButton\"\n\t\t\tdata-wp-on--click=\"actions.showLightbox\"\n\t\t\tdata-wp-style--right=\"context.imageButtonRight\"\n\t\t\tdata-wp-style--top=\"context.imageButtonTop\"\n\t\t>\n\t\t\t<svg xmlns=\"http:\/\/www.w3.org\/2000\/svg\" width=\"12\" height=\"12\" fill=\"none\" viewBox=\"0 0 12 12\">\n\t\t\t\t<path fill=\"#fff\" d=\"M2 0a2 2 0 0 0-2 2v2h1.5V2a.5.5 0 0 1 .5-.5h2V0H2Zm2 10.5H2a.5.5 0 0 1-.5-.5V8H0v2a2 2 0 0 0 2 2h2v-1.5ZM8 12v-1.5h2a.5.5 0 0 0 .5-.5V8H12v2a2 2 0 0 1-2 2H8Zm2-12a2 2 0 0 1 2 2v2h-1.5V2a.5.5 0 0 0-.5-.5H8V0h2Z\" \/>\n\t\t\t<\/svg>\n\t\t<\/button><\/figure>\n\n\n\n<div class=\"wp-block-group is-vertical is-content-justification-center is-nowrap is-layout-flex wp-container-core-group-is-layout-9 wp-block-group-is-layout-flex\">\n<p class=\"has-text-align-center has-small-font-size\"><\/p>\n\n\n\n<p class=\"has-text-align-center has-small-font-size\">\u00danete a este evento que fomenta el intercambio de conocimientos en el fascinante mundo del agua.<\/p>\n<\/div>\n\n\n\n<figure class=\"wp-block-image aligncenter size-large is-resized\"><img loading=\"lazy\" decoding=\"async\" width=\"1024\" height=\"176\" src=\"http:\/\/diasporahidrica.imta.mx\/wp-content\/uploads\/2024\/05\/Recurso-4@4x-1024x176.png\" alt=\"\" class=\"wp-image-1001\" style=\"width:165px;height:auto\" srcset=\"https:\/\/diasporahidrica.imta.mx\/wp-content\/uploads\/2024\/05\/Recurso-4@4x-1024x176.png 1024w, https:\/\/diasporahidrica.imta.mx\/wp-content\/uploads\/2024\/05\/Recurso-4@4x-300x51.png 300w, https:\/\/diasporahidrica.imta.mx\/wp-content\/uploads\/2024\/05\/Recurso-4@4x-768x132.png 768w, https:\/\/diasporahidrica.imta.mx\/wp-content\/uploads\/2024\/05\/Recurso-4@4x-1536x264.png 1536w, https:\/\/diasporahidrica.imta.mx\/wp-content\/uploads\/2024\/05\/Recurso-4@4x-2048x351.png 2048w\" sizes=\"(max-width: 1024px) 100vw, 1024px\" \/><\/figure>\n<\/div>\n\n\n\n<div class=\"wp-block-column is-layout-flow wp-block-column-is-layout-flow\">\n<figure data-wp-context=\"{&quot;uploadedSrc&quot;:&quot;https:\\\/\\\/diasporahidrica.imta.mx\\\/wp-content\\\/uploads\\\/2024\\\/06\\\/H-Nuestras-Noticias-5-scaled.jpg&quot;,&quot;figureClassNames&quot;:&quot;wp-block-image size-full is-style-rounded wp-duotone-unset-5&quot;,&quot;figureStyles&quot;:null,&quot;imgClassNames&quot;:&quot;wp-image-1352&quot;,&quot;imgStyles&quot;:&quot;aspect-ratio:3\\\/4;object-fit:cover&quot;,&quot;targetWidth&quot;:2560,&quot;targetHeight&quot;:1280,&quot;scaleAttr&quot;:&quot;cover&quot;,&quot;ariaLabel&quot;:&quot;Agrandar imagen&quot;,&quot;alt&quot;:&quot;&quot;}\" data-wp-interactive=\"core\/image\" class=\"wp-block-image size-full is-style-rounded wp-duotone-unset-5 wp-lightbox-container\"><img loading=\"lazy\" decoding=\"async\" width=\"2560\" height=\"1280\" data-wp-init=\"callbacks.setButtonStyles\" data-wp-on--click=\"actions.showLightbox\" data-wp-on--load=\"callbacks.setButtonStyles\" data-wp-on-window--resize=\"callbacks.setButtonStyles\" src=\"http:\/\/diasporahidrica.imta.mx\/wp-content\/uploads\/2024\/06\/H-Nuestras-Noticias-5-scaled.jpg\" alt=\"\" class=\"wp-image-1352\" style=\"aspect-ratio:3\/4;object-fit:cover\" srcset=\"https:\/\/diasporahidrica.imta.mx\/wp-content\/uploads\/2024\/06\/H-Nuestras-Noticias-5-scaled.jpg 2560w, https:\/\/diasporahidrica.imta.mx\/wp-content\/uploads\/2024\/06\/H-Nuestras-Noticias-5-300x150.jpg 300w, https:\/\/diasporahidrica.imta.mx\/wp-content\/uploads\/2024\/06\/H-Nuestras-Noticias-5-1024x512.jpg 1024w, https:\/\/diasporahidrica.imta.mx\/wp-content\/uploads\/2024\/06\/H-Nuestras-Noticias-5-768x384.jpg 768w, https:\/\/diasporahidrica.imta.mx\/wp-content\/uploads\/2024\/06\/H-Nuestras-Noticias-5-1536x768.jpg 1536w, https:\/\/diasporahidrica.imta.mx\/wp-content\/uploads\/2024\/06\/H-Nuestras-Noticias-5-2048x1024.jpg 2048w\" sizes=\"(max-width: 2560px) 100vw, 2560px\" \/><button\n\t\t\tclass=\"lightbox-trigger\"\n\t\t\ttype=\"button\"\n\t\t\taria-haspopup=\"dialog\"\n\t\t\taria-label=\"Agrandar imagen\"\n\t\t\tdata-wp-init=\"callbacks.initTriggerButton\"\n\t\t\tdata-wp-on--click=\"actions.showLightbox\"\n\t\t\tdata-wp-style--right=\"context.imageButtonRight\"\n\t\t\tdata-wp-style--top=\"context.imageButtonTop\"\n\t\t>\n\t\t\t<svg xmlns=\"http:\/\/www.w3.org\/2000\/svg\" width=\"12\" height=\"12\" fill=\"none\" viewBox=\"0 0 12 12\">\n\t\t\t\t<path fill=\"#fff\" d=\"M2 0a2 2 0 0 0-2 2v2h1.5V2a.5.5 0 0 1 .5-.5h2V0H2Zm2 10.5H2a.5.5 0 0 1-.5-.5V8H0v2a2 2 0 0 0 2 2h2v-1.5ZM8 12v-1.5h2a.5.5 0 0 0 .5-.5V8H12v2a2 2 0 0 1-2 2H8Zm2-12a2 2 0 0 1 2 2v2h-1.5V2a.5.5 0 0 0-.5-.5H8V0h2Z\" \/>\n\t\t\t<\/svg>\n\t\t<\/button><\/figure>\n\n\n\n<div class=\"wp-block-group is-vertical is-content-justification-center is-nowrap is-layout-flex wp-container-core-group-is-layout-10 wp-block-group-is-layout-flex\">\n<p class=\"has-text-align-center has-small-font-size\"><\/p>\n\n\n\n<p class=\"has-text-align-center has-small-font-size\">\u00a1Te esperamos para sumergirnos juntos en la Di\u00e1spora H\u00eddrica 2024!<\/p>\n\n\n\n<figure class=\"wp-block-image aligncenter size-large is-resized\"><img loading=\"lazy\" decoding=\"async\" width=\"1024\" height=\"176\" src=\"http:\/\/diasporahidrica.imta.mx\/wp-content\/uploads\/2024\/05\/Recurso-4@4x-1024x176.png\" alt=\"\" class=\"wp-image-1001\" style=\"width:165px;height:auto\" srcset=\"https:\/\/diasporahidrica.imta.mx\/wp-content\/uploads\/2024\/05\/Recurso-4@4x-1024x176.png 1024w, https:\/\/diasporahidrica.imta.mx\/wp-content\/uploads\/2024\/05\/Recurso-4@4x-300x51.png 300w, https:\/\/diasporahidrica.imta.mx\/wp-content\/uploads\/2024\/05\/Recurso-4@4x-768x132.png 768w, https:\/\/diasporahidrica.imta.mx\/wp-content\/uploads\/2024\/05\/Recurso-4@4x-1536x264.png 1536w, https:\/\/diasporahidrica.imta.mx\/wp-content\/uploads\/2024\/05\/Recurso-4@4x-2048x351.png 2048w\" sizes=\"(max-width: 1024px) 100vw, 1024px\" \/><\/figure>\n<\/div>\n<\/div>\n<\/div>\n<\/div>\n","protected":false},"excerpt":{"rendered":"<p>Benem\u00e9rita Universidad Aut\u00f3noma de Puebla La Benem\u00e9rita Universidad Aut\u00f3noma de Puebla, constituye un gran pilar de la educaci\u00f3n superior y la investigaci\u00f3n cient\u00edfica en la regi\u00f3n, y ocupa un destacado sitio entre las universidades p\u00fablicas del pa\u00eds, gracias al esfuerzo conjunto de todos los miembros de la instituci\u00f3n. Participa de manera presencial en Puebla \u00a1T\u00fa [&hellip;]<\/p>\n","protected":false},"author":1,"featured_media":0,"parent":0,"menu_order":0,"comment_status":"closed","ping_status":"closed","template":"","meta":{"_eb_attr":"","footnotes":""},"_links":{"self":[{"href":"https:\/\/diasporahidrica.imta.mx\/index.php\/wp-json\/wp\/v2\/pages\/822"}],"collection":[{"href":"https:\/\/diasporahidrica.imta.mx\/index.php\/wp-json\/wp\/v2\/pages"}],"about":[{"href":"https:\/\/diasporahidrica.imta.mx\/index.php\/wp-json\/wp\/v2\/types\/page"}],"author":[{"embeddable":true,"href":"https:\/\/diasporahidrica.imta.mx\/index.php\/wp-json\/wp\/v2\/users\/1"}],"replies":[{"embeddable":true,"href":"https:\/\/diasporahidrica.imta.mx\/index.php\/wp-json\/wp\/v2\/comments?post=822"}],"version-history":[{"count":111,"href":"https:\/\/diasporahidrica.imta.mx\/index.php\/wp-json\/wp\/v2\/pages\/822\/revisions"}],"predecessor-version":[{"id":1492,"href":"https:\/\/diasporahidrica.imta.mx\/index.php\/wp-json\/wp\/v2\/pages\/822\/revisions\/1492"}],"wp:attachment":[{"href":"https:\/\/diasporahidrica.imta.mx\/index.php\/wp-json\/wp\/v2\/media?parent=822"}],"curies":[{"name":"wp","href":"https:\/\/api.w.org\/{rel}","templated":true}]}}